{"id":1780,"date":"2016-04-01T10:23:36","date_gmt":"2016-04-01T08:23:36","guid":{"rendered":"https:\/\/www.arrex.it\/fr\/cucine-living-arrex\/tavoli-e-sedie\/"},"modified":"2020-09-23T16:02:31","modified_gmt":"2020-09-23T14:02:31","slug":"tables-et-chaises","status":"publish","type":"page","link":"https:\/\/www.arrex.it\/fr\/cuisine-et-livings\/tables-et-chaises\/","title":{"rendered":"Tables et chaises"},"content":{"rendered":"<p>Nos revendeurs vous guideront dans le choix de la <strong>table<\/strong> et des <strong>chaises<\/strong> les plus adapt\u00e9es \u00e0 votre cuisine et \u00e0 vos envies. Un large \u00e9ventail de solutions et de propositions vous attend pour compl\u00e9ter votre <strong>cuisine modulaire<\/strong>.<\/p>\n","protected":false},"excerpt":{"rendered":"<p>Nos revendeurs vous guideront dans le choix de la table et des chaises les plus adapt\u00e9es \u00e0 votre cuisine et&#8230;<\/p>\n","protected":false},"author":1,"featured_media":11684,"parent":1693,"menu_order":32,"comment_status":"closed","ping_status":"closed","template":"page-offerta-tavoli-sedie.php","meta":{"footnotes":""},"acf":[],"yoast_head":"<!-- This site is optimized with the Yoast SEO plugin v19.7.1 - https:\/\/yoast.com\/wordpress\/plugins\/seo\/ -->\n<title>Tables et chaises - Arrex Le Cucine<\/title>\n<meta name=\"robots\" content=\"index, follow, max-snippet:-1, max-image-preview:large, max-video-preview:-1\" \/>\n<link rel=\"canonical\" href=\"https:\/\/www.arrex.it\/fr\/cuisine-et-livings\/tables-et-chaises\/\" \/>\n<meta property=\"og:locale\" content=\"fr_FR\" \/>\n<meta property=\"og:type\" content=\"article\" \/>\n<meta property=\"og:title\" content=\"Tables et chaises - Arrex Le Cucine\" \/>\n<meta property=\"og:description\" content=\"Nos revendeurs vous guideront dans le choix de la table et des chaises les plus adapt\u00e9es \u00e0 votre cuisine et...\" \/>\n<meta property=\"og:url\" content=\"https:\/\/www.arrex.it\/fr\/cuisine-et-livings\/tables-et-chaises\/\" \/>\n<meta property=\"og:site_name\" content=\"Arrex Le Cucine\" \/>\n<meta property=\"article:modified_time\" content=\"2020-09-23T14:02:31+00:00\" \/>\n<meta property=\"og:image\" content=\"https:\/\/www.arrex.it\/wp-content\/uploads\/2016\/04\/arrex_tavoli_sedie_moderno_06.jpg\" \/>\n\t<meta property=\"og:image:width\" content=\"1200\" \/>\n\t<meta property=\"og:image:height\" content=\"800\" \/>\n\t<meta property=\"og:image:type\" content=\"image\/jpeg\" \/>\n<meta name=\"twitter:card\" content=\"summary_large_image\" \/>\n<script type=\"application\/ld+json\" class=\"yoast-schema-graph\">{\"@context\":\"https:\/\/schema.org\",\"@graph\":[{\"@type\":\"WebPage\",\"@id\":\"https:\/\/www.arrex.it\/fr\/cuisine-et-livings\/tables-et-chaises\/\",\"url\":\"https:\/\/www.arrex.it\/fr\/cuisine-et-livings\/tables-et-chaises\/\",\"name\":\"Tables et chaises - Arrex Le Cucine\",\"isPartOf\":{\"@id\":\"https:\/\/www.arrex.it\/#website\"},\"datePublished\":\"2016-04-01T08:23:36+00:00\",\"dateModified\":\"2020-09-23T14:02:31+00:00\",\"breadcrumb\":{\"@id\":\"https:\/\/www.arrex.it\/fr\/cuisine-et-livings\/tables-et-chaises\/#breadcrumb\"},\"inLanguage\":\"fr-FR\",\"potentialAction\":[{\"@type\":\"ReadAction\",\"target\":[\"https:\/\/www.arrex.it\/fr\/cuisine-et-livings\/tables-et-chaises\/\"]}]},{\"@type\":\"BreadcrumbList\",\"@id\":\"https:\/\/www.arrex.it\/fr\/cuisine-et-livings\/tables-et-chaises\/#breadcrumb\",\"itemListElement\":[{\"@type\":\"ListItem\",\"position\":1,\"name\":\"Cuisine et livings\",\"item\":\"https:\/\/www.arrex.it\/fr\/cuisine-et-livings\/\"},{\"@type\":\"ListItem\",\"position\":2,\"name\":\"Tables et chaises\"}]},{\"@type\":\"WebSite\",\"@id\":\"https:\/\/www.arrex.it\/#website\",\"url\":\"https:\/\/www.arrex.it\/\",\"name\":\"Arrex Le Cucine\",\"description\":\"Arrex Le Cucine trasforma in realt\u00e0 le migliori idee d\u2019arredo per la cucina componibile e il living.\",\"potentialAction\":[{\"@type\":\"SearchAction\",\"target\":{\"@type\":\"EntryPoint\",\"urlTemplate\":\"https:\/\/www.arrex.it\/?s={search_term_string}\"},\"query-input\":\"required name=search_term_string\"}],\"inLanguage\":\"fr-FR\"}]}<\/script>\n<!-- \/ Yoast SEO plugin. -->","yoast_head_json":{"title":"Tables et chaises - Arrex Le Cucine","robots":{"index":"index","follow":"follow","max-snippet":"max-snippet:-1","max-image-preview":"max-image-preview:large","max-video-preview":"max-video-preview:-1"},"canonical":"https:\/\/www.arrex.it\/fr\/cuisine-et-livings\/tables-et-chaises\/","og_locale":"fr_FR","og_type":"article","og_title":"Tables et chaises - Arrex Le Cucine","og_description":"Nos revendeurs vous guideront dans le choix de la table et des chaises les plus adapt\u00e9es \u00e0 votre cuisine et...","og_url":"https:\/\/www.arrex.it\/fr\/cuisine-et-livings\/tables-et-chaises\/","og_site_name":"Arrex Le Cucine","article_modified_time":"2020-09-23T14:02:31+00:00","og_image":[{"width":1200,"height":800,"url":"https:\/\/www.arrex.it\/wp-content\/uploads\/2016\/04\/arrex_tavoli_sedie_moderno_06.jpg","type":"image\/jpeg"}],"twitter_card":"summary_large_image","schema":{"@context":"https:\/\/schema.org","@graph":[{"@type":"WebPage","@id":"https:\/\/www.arrex.it\/fr\/cuisine-et-livings\/tables-et-chaises\/","url":"https:\/\/www.arrex.it\/fr\/cuisine-et-livings\/tables-et-chaises\/","name":"Tables et chaises - Arrex Le Cucine","isPartOf":{"@id":"https:\/\/www.arrex.it\/#website"},"datePublished":"2016-04-01T08:23:36+00:00","dateModified":"2020-09-23T14:02:31+00:00","breadcrumb":{"@id":"https:\/\/www.arrex.it\/fr\/cuisine-et-livings\/tables-et-chaises\/#breadcrumb"},"inLanguage":"fr-FR","potentialAction":[{"@type":"ReadAction","target":["https:\/\/www.arrex.it\/fr\/cuisine-et-livings\/tables-et-chaises\/"]}]},{"@type":"BreadcrumbList","@id":"https:\/\/www.arrex.it\/fr\/cuisine-et-livings\/tables-et-chaises\/#breadcrumb","itemListElement":[{"@type":"ListItem","position":1,"name":"Cuisine et livings","item":"https:\/\/www.arrex.it\/fr\/cuisine-et-livings\/"},{"@type":"ListItem","position":2,"name":"Tables et chaises"}]},{"@type":"WebSite","@id":"https:\/\/www.arrex.it\/#website","url":"https:\/\/www.arrex.it\/","name":"Arrex Le Cucine","description":"Arrex Le Cucine trasforma in realt\u00e0 le migliori idee d\u2019arredo per la cucina componibile e il living.","potentialAction":[{"@type":"SearchAction","target":{"@type":"EntryPoint","urlTemplate":"https:\/\/www.arrex.it\/?s={search_term_string}"},"query-input":"required name=search_term_string"}],"inLanguage":"fr-FR"}]}},"_links":{"self":[{"href":"https:\/\/www.arrex.it\/fr\/wp-json\/wp\/v2\/pages\/1780"}],"collection":[{"href":"https:\/\/www.arrex.it\/fr\/wp-json\/wp\/v2\/pages"}],"about":[{"href":"https:\/\/www.arrex.it\/fr\/wp-json\/wp\/v2\/types\/page"}],"author":[{"embeddable":true,"href":"https:\/\/www.arrex.it\/fr\/wp-json\/wp\/v2\/users\/1"}],"replies":[{"embeddable":true,"href":"https:\/\/www.arrex.it\/fr\/wp-json\/wp\/v2\/comments?post=1780"}],"version-history":[{"count":0,"href":"https:\/\/www.arrex.it\/fr\/wp-json\/wp\/v2\/pages\/1780\/revisions"}],"up":[{"embeddable":true,"href":"https:\/\/www.arrex.it\/fr\/wp-json\/wp\/v2\/pages\/1693"}],"wp:featuredmedia":[{"embeddable":true,"href":"https:\/\/www.arrex.it\/fr\/wp-json\/wp\/v2\/media\/11684"}],"wp:attachment":[{"href":"https:\/\/www.arrex.it\/fr\/wp-json\/wp\/v2\/media?parent=1780"}],"curies":[{"name":"wp","href":"https:\/\/api.w.org\/{rel}","templated":true}]}}