{"id":1714,"date":"2015-07-06T14:16:14","date_gmt":"2015-07-06T12:16:14","guid":{"rendered":"https:\/\/www.arrex.it\/fr\/homepage\/"},"modified":"2022-09-21T12:52:05","modified_gmt":"2022-09-21T10:52:05","slug":"homepage","status":"publish","type":"page","link":"https:\/\/www.arrex.it\/fr\/homepage\/","title":{"rendered":"Homepage"},"content":{"rendered":"<p>\u00ab Depuis 1973, \u00a0Arrex Le Cucine con\u00e7oit la cuisine de vos r\u00eaves,<br \/>\nen utilisant les meilleures id\u00e9es,<br \/>\nles toutes derni\u00e8res technologies<br \/>\nainsi que les solutions les plus innovantes.\u00a0\u00bb<\/p>\n","protected":false},"excerpt":{"rendered":"<p>\u00ab Depuis 1973, \u00a0Arrex Le Cucine con\u00e7oit la cuisine de vos r\u00eaves, en utilisant les meilleures id\u00e9es, les toutes derni\u00e8res&#8230;<\/p>\n","protected":false},"author":1,"featured_media":20377,"parent":0,"menu_order":6,"comment_status":"closed","ping_status":"closed","template":"index.php","meta":{"footnotes":""},"acf":[],"yoast_head":"<!-- This site is optimized with the Yoast SEO plugin v19.7.1 - https:\/\/yoast.com\/wordpress\/plugins\/seo\/ -->\n<title>Homepage Arrex Le Cucine - Cucine in stile moderno e classico<\/title>\n<meta name=\"description\" content=\"Arrex Le Cucine, da oltre 40 anni produciamo un&#039;ampia scelta di cucine da sogno in stile moderno e classico, country e muratura.\" \/>\n<meta name=\"robots\" content=\"index, follow, max-snippet:-1, max-image-preview:large, max-video-preview:-1\" \/>\n<link rel=\"canonical\" href=\"https:\/\/www.arrex.it\/fr\/\" \/>\n<meta property=\"og:locale\" content=\"fr_FR\" \/>\n<meta property=\"og:type\" content=\"article\" \/>\n<meta property=\"og:title\" content=\"Homepage Arrex Le Cucine - Cucine in stile moderno e classico\" \/>\n<meta property=\"og:description\" content=\"Arrex Le Cucine, da oltre 40 anni produciamo un&#039;ampia scelta di cucine da sogno in stile moderno e classico, country e muratura.\" \/>\n<meta property=\"og:url\" content=\"https:\/\/www.arrex.it\/fr\/\" \/>\n<meta property=\"og:site_name\" content=\"Arrex Le Cucine\" \/>\n<meta property=\"article:modified_time\" content=\"2022-09-21T10:52:05+00:00\" \/>\n<meta property=\"og:image\" content=\"https:\/\/www.arrex.it\/wp-content\/uploads\/2015\/07\/AR1910020-3-1152x768.jpg\" \/>\n\t<meta property=\"og:image:width\" content=\"1152\" \/>\n\t<meta property=\"og:image:height\" content=\"768\" \/>\n\t<meta property=\"og:image:type\" content=\"image\/jpeg\" \/>\n<meta name=\"twitter:card\" content=\"summary_large_image\" \/>\n<meta name=\"twitter:label1\" content=\"Dur\u00e9e de lecture estim\u00e9e\" \/>\n\t<meta name=\"twitter:data1\" content=\"1 minute\" \/>\n<script type=\"application\/ld+json\" class=\"yoast-schema-graph\">{\"@context\":\"https:\/\/schema.org\",\"@graph\":[{\"@type\":\"WebPage\",\"@id\":\"https:\/\/www.arrex.it\/fr\/\",\"url\":\"https:\/\/www.arrex.it\/fr\/\",\"name\":\"Homepage Arrex Le Cucine - Cucine in stile moderno e classico\",\"isPartOf\":{\"@id\":\"https:\/\/www.arrex.it\/#website\"},\"datePublished\":\"2015-07-06T12:16:14+00:00\",\"dateModified\":\"2022-09-21T10:52:05+00:00\",\"description\":\"Arrex Le Cucine, da oltre 40 anni produciamo un'ampia scelta di cucine da sogno in stile moderno e classico, country e muratura.\",\"breadcrumb\":{\"@id\":\"https:\/\/www.arrex.it\/fr\/#breadcrumb\"},\"inLanguage\":\"fr-FR\",\"potentialAction\":[{\"@type\":\"ReadAction\",\"target\":[\"https:\/\/www.arrex.it\/fr\/\"]}]},{\"@type\":\"BreadcrumbList\",\"@id\":\"https:\/\/www.arrex.it\/fr\/#breadcrumb\",\"itemListElement\":[{\"@type\":\"ListItem\",\"position\":1,\"name\":\"Homepage\"}]},{\"@type\":\"WebSite\",\"@id\":\"https:\/\/www.arrex.it\/#website\",\"url\":\"https:\/\/www.arrex.it\/\",\"name\":\"Arrex Le Cucine\",\"description\":\"Arrex Le Cucine trasforma in realt\u00e0 le migliori idee d\u2019arredo per la cucina componibile e il living.\",\"potentialAction\":[{\"@type\":\"SearchAction\",\"target\":{\"@type\":\"EntryPoint\",\"urlTemplate\":\"https:\/\/www.arrex.it\/?s={search_term_string}\"},\"query-input\":\"required name=search_term_string\"}],\"inLanguage\":\"fr-FR\"}]}<\/script>\n<!-- \/ Yoast SEO plugin. -->","yoast_head_json":{"title":"Homepage Arrex Le Cucine - Cucine in stile moderno e classico","description":"Arrex Le Cucine, da oltre 40 anni produciamo un'ampia scelta di cucine da sogno in stile moderno e classico, country e muratura.","robots":{"index":"index","follow":"follow","max-snippet":"max-snippet:-1","max-image-preview":"max-image-preview:large","max-video-preview":"max-video-preview:-1"},"canonical":"https:\/\/www.arrex.it\/fr\/","og_locale":"fr_FR","og_type":"article","og_title":"Homepage Arrex Le Cucine - Cucine in stile moderno e classico","og_description":"Arrex Le Cucine, da oltre 40 anni produciamo un'ampia scelta di cucine da sogno in stile moderno e classico, country e muratura.","og_url":"https:\/\/www.arrex.it\/fr\/","og_site_name":"Arrex Le Cucine","article_modified_time":"2022-09-21T10:52:05+00:00","og_image":[{"width":1152,"height":768,"url":"https:\/\/www.arrex.it\/wp-content\/uploads\/2015\/07\/AR1910020-3-1152x768.jpg","type":"image\/jpeg"}],"twitter_card":"summary_large_image","twitter_misc":{"Dur\u00e9e de lecture estim\u00e9e":"1 minute"},"schema":{"@context":"https:\/\/schema.org","@graph":[{"@type":"WebPage","@id":"https:\/\/www.arrex.it\/fr\/","url":"https:\/\/www.arrex.it\/fr\/","name":"Homepage Arrex Le Cucine - Cucine in stile moderno e classico","isPartOf":{"@id":"https:\/\/www.arrex.it\/#website"},"datePublished":"2015-07-06T12:16:14+00:00","dateModified":"2022-09-21T10:52:05+00:00","description":"Arrex Le Cucine, da oltre 40 anni produciamo un'ampia scelta di cucine da sogno in stile moderno e classico, country e muratura.","breadcrumb":{"@id":"https:\/\/www.arrex.it\/fr\/#breadcrumb"},"inLanguage":"fr-FR","potentialAction":[{"@type":"ReadAction","target":["https:\/\/www.arrex.it\/fr\/"]}]},{"@type":"BreadcrumbList","@id":"https:\/\/www.arrex.it\/fr\/#breadcrumb","itemListElement":[{"@type":"ListItem","position":1,"name":"Homepage"}]},{"@type":"WebSite","@id":"https:\/\/www.arrex.it\/#website","url":"https:\/\/www.arrex.it\/","name":"Arrex Le Cucine","description":"Arrex Le Cucine trasforma in realt\u00e0 le migliori idee d\u2019arredo per la cucina componibile e il living.","potentialAction":[{"@type":"SearchAction","target":{"@type":"EntryPoint","urlTemplate":"https:\/\/www.arrex.it\/?s={search_term_string}"},"query-input":"required name=search_term_string"}],"inLanguage":"fr-FR"}]}},"_links":{"self":[{"href":"https:\/\/www.arrex.it\/fr\/wp-json\/wp\/v2\/pages\/1714"}],"collection":[{"href":"https:\/\/www.arrex.it\/fr\/wp-json\/wp\/v2\/pages"}],"about":[{"href":"https:\/\/www.arrex.it\/fr\/wp-json\/wp\/v2\/types\/page"}],"author":[{"embeddable":true,"href":"https:\/\/www.arrex.it\/fr\/wp-json\/wp\/v2\/users\/1"}],"replies":[{"embeddable":true,"href":"https:\/\/www.arrex.it\/fr\/wp-json\/wp\/v2\/comments?post=1714"}],"version-history":[{"count":2,"href":"https:\/\/www.arrex.it\/fr\/wp-json\/wp\/v2\/pages\/1714\/revisions"}],"predecessor-version":[{"id":18630,"href":"https:\/\/www.arrex.it\/fr\/wp-json\/wp\/v2\/pages\/1714\/revisions\/18630"}],"wp:featuredmedia":[{"embeddable":true,"href":"https:\/\/www.arrex.it\/fr\/wp-json\/wp\/v2\/media\/20377"}],"wp:attachment":[{"href":"https:\/\/www.arrex.it\/fr\/wp-json\/wp\/v2\/media?parent=1714"}],"curies":[{"name":"wp","href":"https:\/\/api.w.org\/{rel}","templated":true}]}}