{"id":1659,"date":"2016-02-22T11:54:22","date_gmt":"2016-02-22T10:54:22","guid":{"rendered":"https:\/\/www.arrex.it\/fr\/produzione-mobili-cucina-ecosostenibile\/"},"modified":"2021-12-16T09:48:26","modified_gmt":"2021-12-16T08:48:26","slug":"green-mind","status":"publish","type":"page","link":"https:\/\/www.arrex.it\/fr\/green-mind\/","title":{"rendered":"Green mind"},"content":{"rendered":"<p>La cuisine est un ensemble de nombreux \u00e9l\u00e9ments harmonis\u00e9s les uns avec les autres selon une logique dict\u00e9e par la <strong>conception<\/strong> et la <strong>technologie<\/strong>. Ces \u00e9l\u00e9ments, avant de devenir comme tel, sont constitu\u00e9s de mat\u00e9riaux pr\u00e9sents dans la nature ou sont le r\u00e9sultat d\u2019un processus\u00a0 de transformation\u00a0: d\u00e8s le stade initial, nous choisissons les mat\u00e9riaux\u00a0 dont l\u2019approvisionnement \u00a0n\u2019a pas\u00a0 d\u2019incidences n\u00e9gatives sur l\u2019environnement, dans le plein respect de la nature et de ses \u00e9quilibres, en veillant \u00e0 leur tra\u00e7abilit\u00e9.<\/p>\n","protected":false},"excerpt":{"rendered":"<p>La cuisine est un ensemble de nombreux \u00e9l\u00e9ments harmonis\u00e9s les uns avec les autres selon une logique dict\u00e9e par la&#8230;<\/p>\n","protected":false},"author":1,"featured_media":0,"parent":0,"menu_order":26,"comment_status":"closed","ping_status":"closed","template":"page-green.php","meta":{"footnotes":""},"acf":[],"yoast_head":"<!-- This site is optimized with the Yoast SEO plugin v19.7.1 - https:\/\/yoast.com\/wordpress\/plugins\/seo\/ -->\n<title>Green mind - Arrex Le Cucine<\/title>\n<meta name=\"robots\" content=\"index, follow, max-snippet:-1, max-image-preview:large, max-video-preview:-1\" \/>\n<link rel=\"canonical\" href=\"https:\/\/www.arrex.it\/fr\/green-mind\/\" \/>\n<meta property=\"og:locale\" content=\"fr_FR\" \/>\n<meta property=\"og:type\" content=\"article\" \/>\n<meta property=\"og:title\" content=\"Green mind - Arrex Le Cucine\" \/>\n<meta property=\"og:description\" content=\"La cuisine est un ensemble de nombreux \u00e9l\u00e9ments harmonis\u00e9s les uns avec les autres selon une logique dict\u00e9e par la...\" \/>\n<meta property=\"og:url\" content=\"https:\/\/www.arrex.it\/fr\/green-mind\/\" \/>\n<meta property=\"og:site_name\" content=\"Arrex Le Cucine\" \/>\n<meta property=\"article:modified_time\" content=\"2021-12-16T08:48:26+00:00\" \/>\n<meta name=\"twitter:card\" content=\"summary_large_image\" \/>\n<script type=\"application\/ld+json\" class=\"yoast-schema-graph\">{\"@context\":\"https:\/\/schema.org\",\"@graph\":[{\"@type\":\"WebPage\",\"@id\":\"https:\/\/www.arrex.it\/fr\/green-mind\/\",\"url\":\"https:\/\/www.arrex.it\/fr\/green-mind\/\",\"name\":\"Green mind - Arrex Le Cucine\",\"isPartOf\":{\"@id\":\"https:\/\/www.arrex.it\/#website\"},\"datePublished\":\"2016-02-22T10:54:22+00:00\",\"dateModified\":\"2021-12-16T08:48:26+00:00\",\"breadcrumb\":{\"@id\":\"https:\/\/www.arrex.it\/fr\/green-mind\/#breadcrumb\"},\"inLanguage\":\"fr-FR\",\"potentialAction\":[{\"@type\":\"ReadAction\",\"target\":[\"https:\/\/www.arrex.it\/fr\/green-mind\/\"]}]},{\"@type\":\"BreadcrumbList\",\"@id\":\"https:\/\/www.arrex.it\/fr\/green-mind\/#breadcrumb\",\"itemListElement\":[{\"@type\":\"ListItem\",\"position\":1,\"name\":\"Green mind\"}]},{\"@type\":\"WebSite\",\"@id\":\"https:\/\/www.arrex.it\/#website\",\"url\":\"https:\/\/www.arrex.it\/\",\"name\":\"Arrex Le Cucine\",\"description\":\"Arrex Le Cucine trasforma in realt\u00e0 le migliori idee d\u2019arredo per la cucina componibile e il living.\",\"potentialAction\":[{\"@type\":\"SearchAction\",\"target\":{\"@type\":\"EntryPoint\",\"urlTemplate\":\"https:\/\/www.arrex.it\/?s={search_term_string}\"},\"query-input\":\"required name=search_term_string\"}],\"inLanguage\":\"fr-FR\"}]}<\/script>\n<!-- \/ Yoast SEO plugin. -->","yoast_head_json":{"title":"Green mind - Arrex Le Cucine","robots":{"index":"index","follow":"follow","max-snippet":"max-snippet:-1","max-image-preview":"max-image-preview:large","max-video-preview":"max-video-preview:-1"},"canonical":"https:\/\/www.arrex.it\/fr\/green-mind\/","og_locale":"fr_FR","og_type":"article","og_title":"Green mind - Arrex Le Cucine","og_description":"La cuisine est un ensemble de nombreux \u00e9l\u00e9ments harmonis\u00e9s les uns avec les autres selon une logique dict\u00e9e par la...","og_url":"https:\/\/www.arrex.it\/fr\/green-mind\/","og_site_name":"Arrex Le Cucine","article_modified_time":"2021-12-16T08:48:26+00:00","twitter_card":"summary_large_image","schema":{"@context":"https:\/\/schema.org","@graph":[{"@type":"WebPage","@id":"https:\/\/www.arrex.it\/fr\/green-mind\/","url":"https:\/\/www.arrex.it\/fr\/green-mind\/","name":"Green mind - Arrex Le Cucine","isPartOf":{"@id":"https:\/\/www.arrex.it\/#website"},"datePublished":"2016-02-22T10:54:22+00:00","dateModified":"2021-12-16T08:48:26+00:00","breadcrumb":{"@id":"https:\/\/www.arrex.it\/fr\/green-mind\/#breadcrumb"},"inLanguage":"fr-FR","potentialAction":[{"@type":"ReadAction","target":["https:\/\/www.arrex.it\/fr\/green-mind\/"]}]},{"@type":"BreadcrumbList","@id":"https:\/\/www.arrex.it\/fr\/green-mind\/#breadcrumb","itemListElement":[{"@type":"ListItem","position":1,"name":"Green mind"}]},{"@type":"WebSite","@id":"https:\/\/www.arrex.it\/#website","url":"https:\/\/www.arrex.it\/","name":"Arrex Le Cucine","description":"Arrex Le Cucine trasforma in realt\u00e0 le migliori idee d\u2019arredo per la cucina componibile e il living.","potentialAction":[{"@type":"SearchAction","target":{"@type":"EntryPoint","urlTemplate":"https:\/\/www.arrex.it\/?s={search_term_string}"},"query-input":"required name=search_term_string"}],"inLanguage":"fr-FR"}]}},"_links":{"self":[{"href":"https:\/\/www.arrex.it\/fr\/wp-json\/wp\/v2\/pages\/1659"}],"collection":[{"href":"https:\/\/www.arrex.it\/fr\/wp-json\/wp\/v2\/pages"}],"about":[{"href":"https:\/\/www.arrex.it\/fr\/wp-json\/wp\/v2\/types\/page"}],"author":[{"embeddable":true,"href":"https:\/\/www.arrex.it\/fr\/wp-json\/wp\/v2\/users\/1"}],"replies":[{"embeddable":true,"href":"https:\/\/www.arrex.it\/fr\/wp-json\/wp\/v2\/comments?post=1659"}],"version-history":[{"count":0,"href":"https:\/\/www.arrex.it\/fr\/wp-json\/wp\/v2\/pages\/1659\/revisions"}],"wp:attachment":[{"href":"https:\/\/www.arrex.it\/fr\/wp-json\/wp\/v2\/media?parent=1659"}],"curies":[{"name":"wp","href":"https:\/\/api.w.org\/{rel}","templated":true}]}}