{"id":8126,"date":"2018-05-28T11:41:25","date_gmt":"2018-05-28T09:41:25","guid":{"rendered":"https:\/\/www.arrex.it\/en\/policy-rivenditori-fornitori\/"},"modified":"2018-05-28T11:41:25","modified_gmt":"2018-05-28T09:41:25","slug":"policy-rivenditori-fornitori","status":"publish","type":"page","link":"https:\/\/www.arrex.it\/en\/policy-rivenditori-fornitori\/","title":{"rendered":"Policy per i rivenditori e i fornitori"},"content":{"rendered":"<h2>ARREX-1 S.p.a. &#8211; Informativa privacy per clienti (rivenditori) e fornitori<\/h2>\n<p>Gent.mo cliente\/fornitore<\/p>\n<p>Arrex-1 S.p.a. (in seguito &#8220;titolare&#8221;) Le fornisce, ai sensi dell&#8217;art. 13 D. Lgs. n. 196\/2003 (in seguito &#8220;Codice Privacy&#8221;) e dell&#8217;art. 13 Regolamento UE n. 2016\/679 (in seguito GDPR) le seguenti informazioni:<\/p>\n<p>1. OGGETTO DEL TRATTAMENTO. Il titolare tratta i dati personali, identificativi e non sensibili (es. nome, cognome, codice fiscale, P. Iva, email, numero telefonico, etc.) &#8211; in seguito &#8220;dati&#8221; &#8211; da Lei comunicati<br \/>\nin occasione della conclusione di contratti per i servizi\/le prestazioni del titolare oppure<br \/>\nin fase di richiesta di informazioni attraverso il sito web del titolare oppure<br \/>\nin fase di eventuale registrazione al sito web oppure<br \/>\nall&#8217;atto dell&#8217;eventuale iscrizione al servizio di newsletter offerto dal titolare.<br \/>\n2. FINALITA\u2019 DEL TRATTAMENTO. I Suoi dati vengono trattati:<br \/>\nA. senza il Suo consenso espresso (art. 24 lett. a, b, c Codice Privacy e art. 6 lett. b, e GDPR) per le seguenti finalit\u00e0 di servizio:<br \/>\nrispondere alle Sue richieste di informazioni;<br \/>\nconcludere i contratti per i servizi\/le prestazioni del titolare;<br \/>\nadempiere agli obblighi precontrattuali, contrattuali e fiscali derivanti da rapporti con Lei in essere;<br \/>\nadempiere agli obblighi previsti dalla legge, da un regolamento, dalla normativa comunitaria o da un ordine dell&#8217;Autorit\u00e0 (es. in materia di antiriciclaggio);<br \/>\nesercitare i diritti del titolare (es. diritto di difesa in giudizio per inadempimento contrattuale);<br \/>\nprevenire o scoprire attivit\u00e0 fraudolente o abusi dannosi per il sito web;<br \/>\nB. solo previo il Suo specifico e distinto consenso (artt. 23 e 130 Codice Privacy e art. 7 GDPR) per le seguenti finalit\u00e0 di informazione e marketing:<br \/>\npermettere di registrarsi al sito web;<br \/>\npermetterLe l&#8217;iscrizione al servizio di newsletter fornito dal titolare e degli ulteriori servizi eventualmente da Lei richiesti;<br \/>\ninviarLe via email, posta e\/o sms e\/o contatti telefonici, newsletter, comunicazioni commerciali e\/o materiale pubblicitario su prodotti o servizi offerti dal titolare e rilevazione del grado di soddisfazione sulla qualit\u00e0 dei servizi;<br \/>\ninviarLe via email, posta e\/o sms e\/o contatti telefonici, comunicazioni commerciali e\/o promozionali di soggetti terzi (es. business partner, altre societ\u00e0 del Gruppo) oppure contattarLa per la rilevazione del grado di soddisfazione sulla qualit\u00e0 dei prodotti da parte di terze societ\u00e0.<br \/>\nLei pu\u00f2, comunque, revocare il consenso prestato per i trattamenti indicati sub B. in qualsiasi momento inviando senza formalit\u00e0 una e-mail in tal senso all&#8217;indirizzo specificato al punto 10.<br \/>\nLe segnaliamo che, se \u00e8 gi\u00e0 nostro cliente, potremo inviarLe comunicazioni commerciali relative a servizi e prodotti del titolare analoghi a quelli di cui ha gi\u00e0 usufruito, salvo il Suo dissenso (art. 130 comma 4 Codice Privacy).<br \/>\nNel caso il titolare intenda trattare i Suoi dati per una finalit\u00e0 diversa da quelle descritte al presente paragrafo, Lei sar\u00e0 informato prima di tale ulteriore trattamento.<br \/>\n3. LEGITTIMI INTERESSI DEL TITOLARE. I legittimi interessi del titolare consistono nel rispettare ed onorare le obbligazioni contrattuali sottoscritte dalle parti. Ai sensi dell&#8217;art. 6 GDPR la liceit\u00e0 del trattamento si basa sul consenso manifestamente espresso da parte dell&#8217;interessato.<br \/>\n4. ACCESSO AI DATI E LORO COMUNICAZIONE. I Suoi dati potranno essere resi accessibili per le finalit\u00e0 di cui al punto 2:<br \/>\nA. a dipendenti e collaboratori del titolare o delle societ\u00e0 del Gruppo di cui il titolare fa parte, nella loro qualit\u00e0 di incaricati e\/o responsabili interni del trattamento e\/o amministratori di sistema;<br \/>\nB. a societ\u00e0 del Gruppo di cui il titolare fa parte (es. per attivit\u00e0 di supporto nello studio della fattibilit\u00e0 del progetto del cliente o della proposta del fornitore, per attivit\u00e0 di gestione tecnica del progetto, per lo storage dei dati personali, etc,) o a terzi soggetti (rete di agenti, professionisti e consulenti esterni all\u2019azienda, organizzazioni imprenditoriali cui aderisce l\u2019azienda, istituti di credito, societ\u00e0 di assicurazione del credito, societ\u00e0 di consulenza informatica, societ\u00e0 di trasporto, societ\u00e0 di recupero crediti, societ\u00e0 di informazioni commerciali ai soli fini della tutela del credito e della migliore gestione dei nostri diritti relativi al singolo rapporto commerciale) che svolgono attivit\u00e0 in outsourcing per conto del titolare, nella qualit\u00e0 di titolari esterni autonomi o responsabili del trattamento nominati dal titolare.<br \/>\nSenza il Suo espresso consenso (art. 24 lett. a), b), d), del Codice Privacy e art. 6 lett. b) e c) GDPR) il titolare potr\u00e0 comunicare i Suoi dati per le finalit\u00e0 di cui al punto 2.A. a Organismi di vigilanza, Autorit\u00e0 giudiziarie nonch\u00e9 a tutti gli altri soggetti ai quali la comunicazione sia obbligatoria per legge per l&#8217;espletamento delle finalit\u00e0 dette. Detti soggetti tratteranno i dati nella loro qualit\u00e0 di autonomi titolari del trattamento.<br \/>\nI suoi dati non saranno diffusi.<br \/>\nLa gestione e la conservazione dei dati avviene su server dell&#8217;azienda (ubicati all&#8217;interno dell&#8217;Unione Europea) del titolare.<br \/>\n5. FACOLTATIVITA\u2019 \/ OBBLIGATORIETA\u2019 DEL CONFERIMENTO. Il conferimento dei dati per le finalit\u00e0 di cui al punto 2.A. \u00e8 obbligatorio in quanto \u00e8 richiesto dagli obblighi legali e contrattuali. L\u2019eventuale rifiuto a fornirli o l\u2019eventuale successiva mancanza di autorizzazione al loro trattamento potr\u00e0 determinare l\u2019impossibilit\u00e0 del titolare a dar corso ai rapporti contrattuali medesimi (l&#8217;interessato non riceve la prestazione, inadempimento contrattuale con relativa responsabilit\u00e0, non assolvimento obblighi di legge con relative sanzioni legali, etc.). Il conferimento dei dati per le finalit\u00e0 di cui al punto 2.B. \u00e8, invece, facoltativo ed il loro mancato conferimento o la mancata autorizzazione al trattamento comporter\u00e0 l&#8217;impossibilit\u00e0 di inviarLe newsletter, comunicazioni commerciali e\/o materiale pubblicitario su prodotti o servizi offerti dal titolare o da soggetti terzi e rilevazione del grado di soddisfazione sulla qualit\u00e0 dei servizi. Continuer\u00e0, comunque, ad avere diritto ai servizi di cui al punto 2.A.<br \/>\n6. TEMPI DI CONSERVAZIONE DEI DATI. Fatti salvi i termini quinquennali o decennali di conservazione dei soli documenti e relativi dati di natura civilistica, contabile e fiscale come previsti dalle leggi in vigore, eventuali altri dati verranno conservati per un massimo di 10 anni dalla cessazione del rapporto di erogazione\/fornitura del servizio\/prodotto salvo revoca del consenso o richiesta di cancellazione da parte Sua.<br \/>\n7. DIRITTI DELL\u2019INTERESSATO. Salvi i casi di obblighi legali, interesse pubblico o esercizio di pubblici poteri, Lei ha diritto, in qualsiasi momento, di revocare il consenso al trattamento dei dati e, in questo caso, non si pregiudica la liceit\u00e0 del trattamento basato sul consenso espresso prima della revoca. L\u2019art. 7 del Codice Privacy e l&#8217;art. 15 del GDPR Le conferisce, come interessato del trattamento, l\u2019esercizio di specifici diritti, tra cui quello di ottenere dal titolare la conferma dell\u2019esistenza o meno di propri dati personali e la loro messa a disposizione in forma intelligibile; il diritto di avere conoscenza dell\u2019origine dei dati, della finalit\u00e0 e modalit\u00e0 del trattamento, della logica applicata al trattamento, degli estremi identificativi del titolare e dei soggetti cui i dati possono essere comunicati; il diritto di ottenere l\u2019aggiornamento, la rettificazione e l\u2019integrazione dei dati, la cancellazione, la trasformazione in forma anonima o il blocco dei dati trattati in violazione della legge; il diritto di opporsi, per motivi legittimi, al trattamento dei Suoi dati.<br \/>\nIl GDPR prevede il diritto all&#8217;oblio dei Suoi dati (art. 17), alla loro limitazione (art. 18), alla loro portabilit\u00e0 (art. 20) e, in caso di processo decisionale automatizzato (cd. profilazione), al loro trattamento umano (art. 22).<br \/>\nL&#8217;esercizio dei diritti non \u00e8 soggetto ad alcun vincolo di forma ed \u00e8 gratuito.<br \/>\n8. TEMPI DI RISCONTRO ALLE ISTANZE. In caso di richiesta da parte Sua di informazioni relative ai Suoi dati, il titolare dar\u00e0 riscontro al pi\u00f9 presto &#8211; salvo che ci\u00f2 si riveli impossibile o implichi uno sforzo sproporzionato &#8211; e, comunque, non oltre 30 giorni dall&#8217;istanza. Eventuali impossibilit\u00e0 o ritardi da parte del titolare nel soddisfare le richieste verranno motivati.<br \/>\n9. RECLAMI E RICORSI. In caso si sentisse leso in uno dei diritti elencati al punto 7. pu\u00f2 proporre un reclamo al Garante per la protezione dei dati personali (seguendo le procedure e le indicazioni pubblicate sul sito web dell&#8217;Autorit\u00e0 su www.garanteprivacy.it) oppure un ricorso amministrativo o giurisdizionale.<br \/>\n10. TITOLARE DEL TRATTAMENTO. Titolare del trattamento dei dati \u00e8 Arrex-1 S.p.a., con sede in via Portobuffol\u00e8, 32 &#8211; Mansu\u00e8 (TV) a cui \u00e8 possibile rivolgersi per ogni richiesta, istanza o informazione, ivi compreso l\u2019esercizio dei diritti di cui al punto 7. Email: info.arrex@arrex.it<\/p>\n<hr \/>\n<h2>AR-DUE S.p.a. &#8211; Informativa privacy per clienti (rivenditori) e fornitori<\/h2>\n<p>Gent.mo cliente\/fornitore<\/p>\n<p>Ar-Due S.p.a. (in seguito &#8220;titolare&#8221;) Le fornisce, ai sensi dell&#8217;art. 13 D. Lgs. n. 196\/2003 (in seguito &#8220;Codice Privacy&#8221;) e dell&#8217;art. 13 Regolamento UE n. 2016\/679 (in seguito GDPR) le seguenti informazioni:<\/p>\n<p>1. OGGETTO DEL TRATTAMENTO. Il titolare tratta i dati personali, identificativi e non sensibili (es. nome, cognome, codice fiscale, P. Iva, email, numero telefonico, etc.) &#8211; in seguito &#8220;dati&#8221; &#8211; da Lei comunicati<br \/>\nin occasione della conclusione di contratti per i servizi\/le prestazioni del titolare oppure<br \/>\nin fase di richiesta di informazioni attraverso il sito web del titolare oppure<br \/>\nin fase di eventuale registrazione al sito web oppure<br \/>\nall&#8217;atto dell&#8217;eventuale iscrizione al servizio di newsletter offerto dal titolare.<br \/>\n2. FINALITA\u2019 DEL TRATTAMENTO. I Suoi dati vengono trattati:<br \/>\nA. senza il Suo consenso espresso (art. 24 lett. a, b, c Codice Privacy e art. 6 lett. b, e GDPR) per le seguenti finalit\u00e0 di servizio:<br \/>\nrispondere alle Sue richieste di informazioni;<br \/>\nconcludere i contratti per i servizi\/le prestazioni del titolare;<br \/>\nadempiere agli obblighi precontrattuali, contrattuali e fiscali derivanti da rapporti con Lei in essere;<br \/>\nadempiere agli obblighi previsti dalla legge, da un regolamento, dalla normativa comunitaria o da un ordine dell&#8217;Autorit\u00e0 (es. in materia di antiriciclaggio);<br \/>\nesercitare i diritti del titolare (es. diritto di difesa in giudizio per inadempimento contrattuale);<br \/>\nprevenire o scoprire attivit\u00e0 fraudolente o abusi dannosi per il sito web;<br \/>\nB. solo previo il Suo specifico e distinto consenso (artt. 23 e 130 Codice Privacy e art. 7 GDPR) per le seguenti finalit\u00e0 di informazione e marketing:<br \/>\npermettere di registrarsi al sito web;<br \/>\npermetterLe l&#8217;iscrizione al servizio di newsletter fornito dal titolare e degli ulteriori servizi eventualmente da Lei richiesti;<br \/>\ninviarLe via email, posta e\/o sms e\/o contatti telefonici, newsletter, comunicazioni commerciali e\/o materiale pubblicitario su prodotti o servizi offerti dal titolare e rilevazione del grado di soddisfazione sulla qualit\u00e0 dei servizi;<br \/>\ninviarLe via email, posta e\/o sms e\/o contatti telefonici, comunicazioni commerciali e\/o promozionali di soggetti terzi (es. business partner, altre societ\u00e0 del Gruppo) oppure contattarLa per la rilevazione del grado di soddisfazione sulla qualit\u00e0 dei prodotti da parte di terze societ\u00e0.<br \/>\nLei pu\u00f2, comunque, revocare il consenso prestato per i trattamenti indicati sub B. in qualsiasi momento inviando senza formalit\u00e0 una e-mail in tal senso all&#8217;indirizzo specificato al punto 10.<br \/>\nLe segnaliamo che, se \u00e8 gi\u00e0 nostro cliente, potremo inviarLe comunicazioni commerciali relative a servizi e prodotti del titolare analoghi a quelli di cui ha gi\u00e0 usufruito, salvo il Suo dissenso (art. 130 comma 4 Codice Privacy).<br \/>\nNel caso il titolare intenda trattare i Suoi dati per una finalit\u00e0 diversa da quelle descritte al presente paragrafo, Lei sar\u00e0 informato prima di tale ulteriore trattamento.<br \/>\n3. LEGITTIMI INTERESSI DEL TITOLARE. I legittimi interessi del titolare consistono nel rispettare ed onorare le obbligazioni contrattuali sottoscritte dalle parti. Ai sensi dell&#8217;art. 6 GDPR la liceit\u00e0 del trattamento si basa sul consenso manifestamente espresso da parte dell&#8217;interessato.<br \/>\n4. ACCESSO AI DATI E LORO COMUNICAZIONE. I Suoi dati potranno essere resi accessibili per le finalit\u00e0 di cui al punto 2:<br \/>\nA. a dipendenti e collaboratori del titolare o delle societ\u00e0 del Gruppo di cui il titolare fa parte, nella loro qualit\u00e0 di incaricati e\/o responsabili interni del trattamento e\/o amministratori di sistema;<br \/>\nB. a societ\u00e0 del Gruppo di cui il titolare fa parte (es. per attivit\u00e0 di supporto nello studio della fattibilit\u00e0 del progetto del cliente o della proposta del fornitore, per attivit\u00e0 di gestione tecnica del progetto, per lo storage dei dati personali, etc,) o a terzi soggetti (rete di agenti, professionisti e consulenti esterni all\u2019azienda, organizzazioni imprenditoriali cui aderisce l\u2019azienda, istituti di credito, societ\u00e0 di assicurazione del credito, societ\u00e0 di consulenza informatica, societ\u00e0 di trasporto, societ\u00e0 di recupero crediti, societ\u00e0 di informazioni commerciali ai soli fini della tutela del credito e della migliore gestione dei nostri diritti relativi al singolo rapporto commerciale) che svolgono attivit\u00e0 in outsourcing per conto del titolare, nella qualit\u00e0 di titolari esterni autonomi o responsabili del trattamento nominati dal titolare.<br \/>\nSenza il Suo espresso consenso (art. 24 lett. a), b), d), del Codice Privacy e art. 6 lett. b) e c) GDPR) il titolare potr\u00e0 comunicare i Suoi dati per le finalit\u00e0 di cui al punto 2.A. a Organismi di vigilanza, Autorit\u00e0 giudiziarie nonch\u00e9 a tutti gli altri soggetti ai quali la comunicazione sia obbligatoria per legge per l&#8217;espletamento delle finalit\u00e0 dette. Detti soggetti tratteranno i dati nella loro qualit\u00e0 di autonomi titolari del trattamento.<br \/>\nI suoi dati non saranno diffusi.<br \/>\nLa gestione e la conservazione dei dati avviene su server dell&#8217;azienda (ubicati all&#8217;interno dell&#8217;Unione Europea) del titolare.<br \/>\n5. FACOLTATIVITA\u2019 \/ OBBLIGATORIETA\u2019 DEL CONFERIMENTO. Il conferimento dei dati per le finalit\u00e0 di cui al punto 2.A. \u00e8 obbligatorio in quanto \u00e8 richiesto dagli obblighi legali e contrattuali. L\u2019eventuale rifiuto a fornirli o l\u2019eventuale successiva mancanza di autorizzazione al loro trattamento potr\u00e0 determinare l\u2019impossibilit\u00e0 del titolare a dar corso ai rapporti contrattuali medesimi (l&#8217;interessato non riceve la prestazione, inadempimento contrattuale con relativa responsabilit\u00e0, non assolvimento obblighi di legge con relative sanzioni legali, etc.). Il conferimento dei dati per le finalit\u00e0 di cui al punto 2.B. \u00e8, invece, facoltativo ed il loro mancato conferimento o la mancata autorizzazione al trattamento comporter\u00e0 l&#8217;impossibilit\u00e0 di inviarLe newsletter, comunicazioni commerciali e\/o materiale pubblicitario su prodotti o servizi offerti dal titolare o da soggetti terzi e rilevazione del grado di soddisfazione sulla qualit\u00e0 dei servizi. Continuer\u00e0, comunque, ad avere diritto ai servizi di cui al punto 2.A.<br \/>\n6. TEMPI DI CONSERVAZIONE DEI DATI. Fatti salvi i termini quinquennali o decennali di conservazione dei soli documenti e relativi dati di natura civilistica, contabile e fiscale come previsti dalle leggi in vigore, eventuali altri dati verranno conservati per un massimo di 10 anni dalla cessazione del rapporto di erogazione\/fornitura del servizio\/prodotto salvo revoca del consenso o richiesta di cancellazione da parte Sua.<br \/>\n7. DIRITTI DELL\u2019INTERESSATO. Salvi i casi di obblighi legali, interesse pubblico o esercizio di pubblici poteri, Lei ha diritto, in qualsiasi momento, di revocare il consenso al trattamento dei dati e, in questo caso, non si pregiudica la liceit\u00e0 del trattamento basato sul consenso espresso prima della revoca. L\u2019art. 7 del Codice Privacy e l&#8217;art. 15 del GDPR Le conferisce, come interessato del trattamento, l\u2019esercizio di specifici diritti, tra cui quello di ottenere dal titolare la conferma dell\u2019esistenza o meno di propri dati personali e la loro messa a disposizione in forma intelligibile; il diritto di avere conoscenza dell\u2019origine dei dati, della finalit\u00e0 e modalit\u00e0 del trattamento, della logica applicata al trattamento, degli estremi identificativi del titolare e dei soggetti cui i dati possono essere comunicati; il diritto di ottenere l\u2019aggiornamento, la rettificazione e l\u2019integrazione dei dati, la cancellazione, la trasformazione in forma anonima o il blocco dei dati trattati in violazione della legge; il diritto di opporsi, per motivi legittimi, al trattamento dei Suoi dati.<br \/>\nIl GDPR prevede il diritto all&#8217;oblio dei Suoi dati (art. 17), alla loro limitazione (art. 18), alla loro portabilit\u00e0 (art. 20) e, in caso di processo decisionale automatizzato (cd. profilazione), al loro trattamento umano (art. 22).<br \/>\nL&#8217;esercizio dei diritti non \u00e8 soggetto ad alcun vincolo di forma ed \u00e8 gratuito.<br \/>\n8. TEMPI DI RISCONTRO ALLE ISTANZE. In caso di richiesta da parte Sua di informazioni relative ai Suoi dati, il titolare dar\u00e0 riscontro al pi\u00f9 presto &#8211; salvo che ci\u00f2 si riveli impossibile o implichi uno sforzo sproporzionato &#8211; e, comunque, non oltre 30 giorni dall&#8217;istanza. Eventuali impossibilit\u00e0 o ritardi da parte del titolare nel soddisfare le richieste verranno motivati.<br \/>\n9. RECLAMI E RICORSI. In caso si sentisse leso in uno dei diritti elencati al punto 7. pu\u00f2 proporre un reclamo al Garante per la protezione dei dati personali (seguendo le procedure e le indicazioni pubblicate sul sito web dell&#8217;Autorit\u00e0 su www.garanteprivacy.it) oppure un ricorso amministrativo o giurisdizionale.<br \/>\n10. TITOLARE DEL TRATTAMENTO. Titolare del trattamento dei dati \u00e8 Ar-Due S.p.a., con sede in via Palazzetto, 56 &#8211; Ghirano di Prata (PN) a cui \u00e8 possibile rivolgersi per ogni richiesta, istanza o informazione, ivi compreso l\u2019esercizio dei diritti di cui al punto 7. Email: info.ar-due@arrex.it<\/p>\n","protected":false},"excerpt":{"rendered":"<p>ARREX-1 S.p.a. &#8211; Informativa privacy per clienti (rivenditori) e fornitori Gent.mo cliente\/fornitore Arrex-1 S.p.a. (in seguito &#8220;titolare&#8221;) Le fornisce, ai&#8230;<\/p>\n","protected":false},"author":1,"featured_media":0,"parent":0,"menu_order":3,"comment_status":"closed","ping_status":"closed","template":"","meta":{"footnotes":""},"acf":[],"yoast_head":"<!-- This site is optimized with the Yoast SEO plugin v19.7.1 - https:\/\/yoast.com\/wordpress\/plugins\/seo\/ -->\n<title>Policy per i rivenditori e i fornitori - Arrex Le Cucine<\/title>\n<meta name=\"robots\" content=\"index, follow, max-snippet:-1, max-image-preview:large, max-video-preview:-1\" \/>\n<link rel=\"canonical\" href=\"https:\/\/www.arrex.it\/en\/policy-rivenditori-fornitori\/\" \/>\n<meta property=\"og:locale\" content=\"en_US\" \/>\n<meta property=\"og:type\" content=\"article\" \/>\n<meta property=\"og:title\" content=\"Policy per i rivenditori e i fornitori - Arrex Le Cucine\" \/>\n<meta property=\"og:description\" content=\"ARREX-1 S.p.a. &#8211; Informativa privacy per clienti (rivenditori) e fornitori Gent.mo cliente\/fornitore Arrex-1 S.p.a. (in seguito &#8220;titolare&#8221;) Le fornisce, ai...\" \/>\n<meta property=\"og:url\" content=\"https:\/\/www.arrex.it\/en\/policy-rivenditori-fornitori\/\" \/>\n<meta property=\"og:site_name\" content=\"Arrex Le Cucine\" \/>\n<meta name=\"twitter:card\" content=\"summary_large_image\" \/>\n<meta name=\"twitter:label1\" content=\"Est. reading time\" \/>\n\t<meta name=\"twitter:data1\" content=\"13 minutes\" \/>\n<script type=\"application\/ld+json\" class=\"yoast-schema-graph\">{\"@context\":\"https:\/\/schema.org\",\"@graph\":[{\"@type\":\"WebPage\",\"@id\":\"https:\/\/www.arrex.it\/en\/policy-rivenditori-fornitori\/\",\"url\":\"https:\/\/www.arrex.it\/en\/policy-rivenditori-fornitori\/\",\"name\":\"Policy per i rivenditori e i fornitori - Arrex Le Cucine\",\"isPartOf\":{\"@id\":\"https:\/\/www.arrex.it\/#website\"},\"datePublished\":\"2018-05-28T09:41:25+00:00\",\"dateModified\":\"2018-05-28T09:41:25+00:00\",\"breadcrumb\":{\"@id\":\"https:\/\/www.arrex.it\/en\/policy-rivenditori-fornitori\/#breadcrumb\"},\"inLanguage\":\"en-US\",\"potentialAction\":[{\"@type\":\"ReadAction\",\"target\":[\"https:\/\/www.arrex.it\/en\/policy-rivenditori-fornitori\/\"]}]},{\"@type\":\"BreadcrumbList\",\"@id\":\"https:\/\/www.arrex.it\/en\/policy-rivenditori-fornitori\/#breadcrumb\",\"itemListElement\":[{\"@type\":\"ListItem\",\"position\":1,\"name\":\"Policy per i rivenditori e i fornitori\"}]},{\"@type\":\"WebSite\",\"@id\":\"https:\/\/www.arrex.it\/#website\",\"url\":\"https:\/\/www.arrex.it\/\",\"name\":\"Arrex Le Cucine\",\"description\":\"Arrex Le Cucine trasforma in realt\u00e0 le migliori idee d\u2019arredo per la cucina componibile e il living.\",\"potentialAction\":[{\"@type\":\"SearchAction\",\"target\":{\"@type\":\"EntryPoint\",\"urlTemplate\":\"https:\/\/www.arrex.it\/?s={search_term_string}\"},\"query-input\":\"required name=search_term_string\"}],\"inLanguage\":\"en-US\"}]}<\/script>\n<!-- \/ Yoast SEO plugin. -->","yoast_head_json":{"title":"Policy per i rivenditori e i fornitori - Arrex Le Cucine","robots":{"index":"index","follow":"follow","max-snippet":"max-snippet:-1","max-image-preview":"max-image-preview:large","max-video-preview":"max-video-preview:-1"},"canonical":"https:\/\/www.arrex.it\/en\/policy-rivenditori-fornitori\/","og_locale":"en_US","og_type":"article","og_title":"Policy per i rivenditori e i fornitori - Arrex Le Cucine","og_description":"ARREX-1 S.p.a. &#8211; Informativa privacy per clienti (rivenditori) e fornitori Gent.mo cliente\/fornitore Arrex-1 S.p.a. (in seguito &#8220;titolare&#8221;) Le fornisce, ai...","og_url":"https:\/\/www.arrex.it\/en\/policy-rivenditori-fornitori\/","og_site_name":"Arrex Le Cucine","twitter_card":"summary_large_image","twitter_misc":{"Est. reading time":"13 minutes"},"schema":{"@context":"https:\/\/schema.org","@graph":[{"@type":"WebPage","@id":"https:\/\/www.arrex.it\/en\/policy-rivenditori-fornitori\/","url":"https:\/\/www.arrex.it\/en\/policy-rivenditori-fornitori\/","name":"Policy per i rivenditori e i fornitori - Arrex Le Cucine","isPartOf":{"@id":"https:\/\/www.arrex.it\/#website"},"datePublished":"2018-05-28T09:41:25+00:00","dateModified":"2018-05-28T09:41:25+00:00","breadcrumb":{"@id":"https:\/\/www.arrex.it\/en\/policy-rivenditori-fornitori\/#breadcrumb"},"inLanguage":"en-US","potentialAction":[{"@type":"ReadAction","target":["https:\/\/www.arrex.it\/en\/policy-rivenditori-fornitori\/"]}]},{"@type":"BreadcrumbList","@id":"https:\/\/www.arrex.it\/en\/policy-rivenditori-fornitori\/#breadcrumb","itemListElement":[{"@type":"ListItem","position":1,"name":"Policy per i rivenditori e i fornitori"}]},{"@type":"WebSite","@id":"https:\/\/www.arrex.it\/#website","url":"https:\/\/www.arrex.it\/","name":"Arrex Le Cucine","description":"Arrex Le Cucine trasforma in realt\u00e0 le migliori idee d\u2019arredo per la cucina componibile e il living.","potentialAction":[{"@type":"SearchAction","target":{"@type":"EntryPoint","urlTemplate":"https:\/\/www.arrex.it\/?s={search_term_string}"},"query-input":"required name=search_term_string"}],"inLanguage":"en-US"}]}},"_links":{"self":[{"href":"https:\/\/www.arrex.it\/en\/wp-json\/wp\/v2\/pages\/8126"}],"collection":[{"href":"https:\/\/www.arrex.it\/en\/wp-json\/wp\/v2\/pages"}],"about":[{"href":"https:\/\/www.arrex.it\/en\/wp-json\/wp\/v2\/types\/page"}],"author":[{"embeddable":true,"href":"https:\/\/www.arrex.it\/en\/wp-json\/wp\/v2\/users\/1"}],"replies":[{"embeddable":true,"href":"https:\/\/www.arrex.it\/en\/wp-json\/wp\/v2\/comments?post=8126"}],"version-history":[{"count":0,"href":"https:\/\/www.arrex.it\/en\/wp-json\/wp\/v2\/pages\/8126\/revisions"}],"wp:attachment":[{"href":"https:\/\/www.arrex.it\/en\/wp-json\/wp\/v2\/media?parent=8126"}],"curies":[{"name":"wp","href":"https:\/\/api.w.org\/{rel}","templated":true}]}}